{"id":1,"date":"2024-12-29T23:39:23","date_gmt":"2024-12-29T23:39:23","guid":{"rendered":"https:\/\/heaklubi.fi\/wordpress\/?p=1"},"modified":"2025-09-05T23:09:50","modified_gmt":"2025-09-05T21:09:50","slug":"hello-world","status":"publish","type":"page","link":"https:\/\/heaklubi.fi\/","title":{"rendered":"Helsingi Eesti Akadeemiline Klubi"},"content":{"rendered":"\n<figure class=\"wp-block-image size-full\"><img loading=\"lazy\" decoding=\"async\" width=\"1024\" height=\"683\" src=\"https:\/\/heaklubi.fi\/wordpress\/wp-content\/uploads\/2025\/05\/Eesti107-162.jpg\" alt=\"\" class=\"wp-image-822\" srcset=\"https:\/\/heaklubi.fi\/wordpress\/wp-content\/uploads\/2025\/05\/Eesti107-162.jpg 1024w, https:\/\/heaklubi.fi\/wordpress\/wp-content\/uploads\/2025\/05\/Eesti107-162-300x200.jpg 300w, https:\/\/heaklubi.fi\/wordpress\/wp-content\/uploads\/2025\/05\/Eesti107-162-768x512.jpg 768w\" sizes=\"auto, (max-width: 1024px) 100vw, 1024px\" \/><figcaption class=\"wp-element-caption\">HEAKlubi liikmed Eesti Vabariigi aastap\u00e4eva vastuv\u00f5tul Eesti saatkonnas Helsingis, veebruar 2025. Foto: Kristi Leht<\/figcaption><\/figure>\n\n\n\n<p>Helsingi Eesti Akadeemiline Klubi (HEAK) on aastal 2006 asutatud klubi, mis \u00fchendab Helsingi piirkonnas elavaid akadeemiliste huvidega eestlasi.<\/p>\n\n\n\n<p>Klubi tegevuse eesm\u00e4rgiks on pakkuda oma liikmetele eelk\u00f5ige erinevaid v\u00f5imalusi omavaheliseks arendavaks suhtlemiseks.<\/p>\n\n\n\n<p>Klubi p\u00fc\u00fcab oma v\u00f5imaluste piires aidata kaasa eestlaste integreerumisele Soome \u00fchiskonda ning kahe maa omavahelisele l\u00f5imumisele. Meie jaoks on t\u00e4htis soodustada oma tegevusega ka heade m\u00f5tete ja uute ideede liikumist m\u00f5lemal pool lahte. N\u00e4iteks oleme korraldanud vestluspaneele Eesti ja Soome suhetest ning tulevikukoost\u00f6\u00f6st. Meil on olnud au kohtuda nii Soome kui Eesti presidentidega.<\/p>\n\n\n\n<p>\u00dcritame anda oma panuse ka Eesti teaduse, majanduse, kultuuri ja traditsioonide tutvustamisele Soomes. Oleme t\u00f5lkinud soome keelde Enn Soosaare raamatu Nuripidine aastasada ning toetanud mitmel viisil Helsingi Latokartano kooli eestikeelset \u00f5pet.<br><\/p>\n\n\n\n<h2 class=\"wp-block-heading\">Klubi tegevusest<\/h2>\n\n\n\n<p>Helsingi Eesti Akadeemilise Klubi liikmed kogunevad kord kuus, mil kohtume erinevates eluvaldkondades tegutsevate organisatsioonide, ettev\u00f5tete v\u00f5i inimestega, kes on mingil moel Eestiga seotud.<\/p>\n\n\n\n<p>Korraldame teadus-, majandus- ja kultuurialase sisuga kohtumisi, teabep\u00e4evi, v\u00e4ljas\u00f5ite ning pidulikke koosviibimisi Eesti t\u00e4htp\u00e4evade t\u00e4histamiseks Soomes. Traditsiooniks on saanud Eesti isesesivusp\u00e4eva t\u00e4histamine, v\u00e4hipidu ja j\u00f5ulupidu. Lisaks viime l\u00e4bi oma tegevuse eesm\u00e4rkidega koosk\u00f5las olevaid heategevus- ja sponsorlusprojekte. N\u00e4iteks panime \u00f5la alla Estonia kontsertklaveri hankimiseks Eesti saatkonnale Helsingis. Oleme hankinud ka eestikeelseid lasteraamatuid Helsingi Latokartano koolile, toetanud esseev\u00f5istlust ning eestikeelse \u00f5ppe infovoldikute tr\u00fckkimist.<\/p>\n\n\n\n<p>Aktiivseid liikmeid on klubis umbes 30. Meie liikmed tegutsevad spetsialistidena v\u00f5i juhipositsioonidel erinevates valdkondades, n\u00e4iteks finants- ja pangandusalal, ettev\u00f5tluses, kultuuri-, teadus- ja haridusvaldkonnas ning meditsiinis.<\/p>\n\n\n\n<p>Klubi liikmeks saadakse kutsumise teel. Lisainfot saab klubi juhatuse k\u00e4est.<\/p>\n\n\n\n<p><\/p>\n\n\n\n<figure class=\"wp-block-image size-large\"><img loading=\"lazy\" decoding=\"async\" width=\"1024\" height=\"666\" src=\"https:\/\/heaklubi.fi\/wordpress\/wp-content\/uploads\/2025\/01\/FB_IMG_1716298407447-1024x666.jpg\" alt=\"HEAKlubi delegatsiooni kohtumine president Alar Karisega Kadriorus 21.5.2024.\" class=\"wp-image-54\" srcset=\"https:\/\/heaklubi.fi\/wordpress\/wp-content\/uploads\/2025\/01\/FB_IMG_1716298407447-1024x666.jpg 1024w, https:\/\/heaklubi.fi\/wordpress\/wp-content\/uploads\/2025\/01\/FB_IMG_1716298407447-300x195.jpg 300w, https:\/\/heaklubi.fi\/wordpress\/wp-content\/uploads\/2025\/01\/FB_IMG_1716298407447-768x499.jpg 768w, https:\/\/heaklubi.fi\/wordpress\/wp-content\/uploads\/2025\/01\/FB_IMG_1716298407447.jpg 1080w\" sizes=\"auto, (max-width: 1024px) 100vw, 1024px\" \/><figcaption class=\"wp-element-caption\">HEAKlubi delegatsiooni kohtumine president Alar Karisega Kadriorus 21.5.2024.<\/figcaption><\/figure>\n\n\n\n<h2 class=\"wp-block-heading\">Klubi juhatus 2025\/2026<\/h2>\n\n\n\n<ul class=\"wp-block-list\">\n<li>Raigo Megerild (klubi president)<\/li>\n\n\n\n<li>Henri Malvet<\/li>\n\n\n\n<li>Jaan Praks<\/li>\n\n\n\n<li>Marja Tuhkanen<\/li>\n\n\n\n<li>Helin Vesala<\/li>\n\n\n\n<li>Valdar Liive<\/li>\n\n\n\n<li>Sten-Erik Tammem\u00e4e<\/li>\n\n\n\n<li>Kalle Pedak<\/li>\n<\/ul>\n\n\n\n<p>Kontakt: info@heaklubi.fi<\/p>\n\n\n\n<div class=\"wp-block-stackable-carousel stk-block-carousel stk--is-slide stk--arrows-justify-space-between stk--arrows-align-center stk-block stk-1cf880b\" data-slides-to-show=\"\" data-block-id=\"1cf880b\"><div class=\"stk-block-carousel__content-wrapper\"><div class=\"stk-row stk-inner-blocks stk-block-content stk-block-carousel__slider-wrapper stk-content-align stk-1cf880b-column\"><div class=\"stk-block-carousel__slider\" role=\"list\" data-autoplay=\"4000\" data-label-slide-of=\"Slide %%d of %%d\">\n<div class=\"wp-block-stackable-column stk-block-column stk-column stk-block stk-ad65ed4\" data-v=\"4\" data-block-id=\"ad65ed4\"><div class=\"stk-column-wrapper stk-block-column__content stk-container stk-ad65ed4-container stk--no-background stk--no-padding\"><div class=\"stk-block-content stk-inner-blocks stk-ad65ed4-inner-blocks\">\n<figure class=\"wp-block-image size-large\"><img loading=\"lazy\" decoding=\"async\" width=\"1024\" height=\"603\" src=\"https:\/\/heaklubi.fi\/wordpress\/wp-content\/uploads\/2025\/01\/IMG-20240214-WA0023-1024x603.jpg\" alt=\"Eesti saatkonna vabariigi aastap\u00e4eva vastuv\u00f5tt Eesti saatkonnas 14.2.2024. Kohal viibis ka president Alar Karis. Pildil HEAKlubi liikmed.\" class=\"wp-image-67\" srcset=\"https:\/\/heaklubi.fi\/wordpress\/wp-content\/uploads\/2025\/01\/IMG-20240214-WA0023-1024x603.jpg 1024w, https:\/\/heaklubi.fi\/wordpress\/wp-content\/uploads\/2025\/01\/IMG-20240214-WA0023-300x177.jpg 300w, https:\/\/heaklubi.fi\/wordpress\/wp-content\/uploads\/2025\/01\/IMG-20240214-WA0023-768x452.jpg 768w, https:\/\/heaklubi.fi\/wordpress\/wp-content\/uploads\/2025\/01\/IMG-20240214-WA0023-1536x905.jpg 1536w, https:\/\/heaklubi.fi\/wordpress\/wp-content\/uploads\/2025\/01\/IMG-20240214-WA0023.jpg 2048w\" sizes=\"auto, (max-width: 1024px) 100vw, 1024px\" \/><figcaption class=\"wp-element-caption\">Eesti saatkonna vabariigi aastap\u00e4eva vastuv\u00f5tt Eesti saatkonnas 14.2.2024. Kohal viibis ka president Alar Karis. Pildil HEAKlubi liikmed.<\/figcaption><\/figure>\n<\/div><\/div><\/div>\n\n\n\n<div class=\"wp-block-stackable-column stk-block-column stk-column stk-block stk-493fc4d\" data-v=\"4\" data-block-id=\"493fc4d\"><div class=\"stk-column-wrapper stk-block-column__content stk-container stk-493fc4d-container stk--no-background stk--no-padding\"><div class=\"stk-block-content stk-inner-blocks stk-493fc4d-inner-blocks\">\n<figure class=\"wp-block-image size-full\"><img loading=\"lazy\" decoding=\"async\" width=\"750\" height=\"500\" src=\"https:\/\/heaklubi.fi\/wordpress\/wp-content\/uploads\/2025\/01\/HEK2-2.jpg\" alt=\"Klubi asutamiskoosolek Suurel Kolmap\u00e4eval 26.04.2006. Pildil seisavad vasakult J\u00fcri Teemant, Kalle Pedak, Rego Ostonen, istumas (vasakult) Henri Malvet, Toomas Abner, Gunnar Okk ja Andres K\u00e4\u00e4r.\" class=\"wp-image-55\" srcset=\"https:\/\/heaklubi.fi\/wordpress\/wp-content\/uploads\/2025\/01\/HEK2-2.jpg 750w, https:\/\/heaklubi.fi\/wordpress\/wp-content\/uploads\/2025\/01\/HEK2-2-300x200.jpg 300w\" sizes=\"auto, (max-width: 750px) 100vw, 750px\" \/><figcaption class=\"wp-element-caption\">Klubi asutamiskoosolek Suurel Kolmap\u00e4eval 26.04.2006. Pildil seisavad vasakult J\u00fcri Teemant, Kalle Pedak, Rego Ostonen, istumas (vasakult) Henri Malvet, Toomas Abner, Gunnar Okk ja Andres K\u00e4\u00e4r.<\/figcaption><\/figure>\n<\/div><\/div><\/div>\n\n\n\n<div class=\"wp-block-stackable-column stk-block-column stk-column stk-block stk-915a07d\" data-v=\"4\" data-block-id=\"915a07d\"><div class=\"stk-column-wrapper stk-block-column__content stk-container stk-915a07d-container stk--no-background stk--no-padding\"><div class=\"stk-block-content stk-inner-blocks stk-915a07d-inner-blocks\">\n<figure class=\"wp-block-image size-full\"><img loading=\"lazy\" decoding=\"async\" width=\"640\" height=\"480\" src=\"https:\/\/heaklubi.fi\/wordpress\/wp-content\/uploads\/2025\/01\/Saatkonna-klaver.jpg\" alt=\"HEAKlubi aitas hankida saatkonnale Estonia tiibklaveri. Saatkonna t\u00e4nukiri klubile ja teistele annetajatele.\" class=\"wp-image-71\" srcset=\"https:\/\/heaklubi.fi\/wordpress\/wp-content\/uploads\/2025\/01\/Saatkonna-klaver.jpg 640w, https:\/\/heaklubi.fi\/wordpress\/wp-content\/uploads\/2025\/01\/Saatkonna-klaver-300x225.jpg 300w\" sizes=\"auto, (max-width: 640px) 100vw, 640px\" \/><figcaption class=\"wp-element-caption\">HEAKlubi aitas hankida saatkonnale Estonia tiibklaveri. Saatkonna t\u00e4nukiri klubile ja teistele annetajatele.<br><\/figcaption><\/figure>\n<\/div><\/div><\/div>\n\n\n\n<div class=\"wp-block-stackable-column stk-block-column stk-column stk-block stk-94d41ec\" data-v=\"4\" data-block-id=\"94d41ec\"><div class=\"stk-column-wrapper stk-block-column__content stk-container stk-94d41ec-container stk--no-background stk--no-padding\"><div class=\"stk-block-content stk-inner-blocks stk-94d41ec-inner-blocks\">\n<figure class=\"wp-block-image size-large\"><img loading=\"lazy\" decoding=\"async\" width=\"1024\" height=\"768\" src=\"https:\/\/heaklubi.fi\/wordpress\/wp-content\/uploads\/2025\/01\/IMG_1791-1024x768.jpg\" alt=\"Klubi v\u00e4ljas\u00f5it Stockholmi aastal 2011. Programmis mm. Stockholmi Eesti Maja k\u00fclastamine.\" class=\"wp-image-58\" srcset=\"https:\/\/heaklubi.fi\/wordpress\/wp-content\/uploads\/2025\/01\/IMG_1791-1024x768.jpg 1024w, https:\/\/heaklubi.fi\/wordpress\/wp-content\/uploads\/2025\/01\/IMG_1791-300x225.jpg 300w, https:\/\/heaklubi.fi\/wordpress\/wp-content\/uploads\/2025\/01\/IMG_1791-768x576.jpg 768w, https:\/\/heaklubi.fi\/wordpress\/wp-content\/uploads\/2025\/01\/IMG_1791-1536x1152.jpg 1536w, https:\/\/heaklubi.fi\/wordpress\/wp-content\/uploads\/2025\/01\/IMG_1791-2048x1536.jpg 2048w\" sizes=\"auto, (max-width: 1024px) 100vw, 1024px\" \/><figcaption class=\"wp-element-caption\">Klubi v\u00e4ljas\u00f5it Stockholmi aastal 2011. Programmis mm. Stockholmi Eesti Maja k\u00fclastamine.<br><\/figcaption><\/figure>\n<\/div><\/div><\/div>\n\n\n\n<div class=\"wp-block-stackable-column stk-block-column stk-column stk-block stk-2f1b271\" data-v=\"4\" data-block-id=\"2f1b271\"><div class=\"stk-column-wrapper stk-block-column__content stk-container stk-2f1b271-container stk--no-background stk--no-padding\"><div class=\"stk-block-content stk-inner-blocks stk-2f1b271-inner-blocks\">\n<figure class=\"wp-block-image size-full\"><img loading=\"lazy\" decoding=\"async\" width=\"640\" height=\"480\" src=\"https:\/\/heaklubi.fi\/wordpress\/wp-content\/uploads\/2025\/01\/kuva-4-002.jpg\" alt=\"Klubi kohtumine president Tarja Haloneniga Eesti saatkonnas 03.12.2014.\" class=\"wp-image-68\" srcset=\"https:\/\/heaklubi.fi\/wordpress\/wp-content\/uploads\/2025\/01\/kuva-4-002.jpg 640w, https:\/\/heaklubi.fi\/wordpress\/wp-content\/uploads\/2025\/01\/kuva-4-002-300x225.jpg 300w\" sizes=\"auto, (max-width: 640px) 100vw, 640px\" \/><figcaption class=\"wp-element-caption\">Klubi kohtumine president Tarja Haloneniga Eesti saatkonnas 03.12.2014.<\/figcaption><\/figure>\n<\/div><\/div><\/div>\n\n\n\n<div class=\"wp-block-stackable-column stk-block-column stk-column stk-block stk-765b8f4\" data-v=\"4\" data-block-id=\"765b8f4\"><div class=\"stk-column-wrapper stk-block-column__content stk-container stk-765b8f4-container stk--no-background stk--no-padding\"><div class=\"stk-block-content stk-inner-blocks stk-765b8f4-inner-blocks\">\n<figure class=\"wp-block-image size-full\"><img loading=\"lazy\" decoding=\"async\" width=\"972\" height=\"648\" src=\"https:\/\/heaklubi.fi\/wordpress\/wp-content\/uploads\/2025\/01\/Sofi030.jpg\" alt=\"Kohtumine Sofi Oksaneniga Eesti saatkonnas septembris 2012. Gunnar Okk kinkis HEAKlubi poolt Enn Soosaare raamatu.\" class=\"wp-image-73\" srcset=\"https:\/\/heaklubi.fi\/wordpress\/wp-content\/uploads\/2025\/01\/Sofi030.jpg 972w, https:\/\/heaklubi.fi\/wordpress\/wp-content\/uploads\/2025\/01\/Sofi030-300x200.jpg 300w, https:\/\/heaklubi.fi\/wordpress\/wp-content\/uploads\/2025\/01\/Sofi030-768x512.jpg 768w\" sizes=\"auto, (max-width: 972px) 100vw, 972px\" \/><figcaption class=\"wp-element-caption\">Kohtumine Sofi Oksaneniga Eesti saatkonnas septembris 2012. Gunnar Okk kinkis HEAKlubi poolt Enn Soosaare raamatu.<br><\/figcaption><\/figure>\n<\/div><\/div><\/div>\n\n\n\n<div class=\"wp-block-stackable-column stk-block-column stk-column stk-block stk-c287780\" data-v=\"4\" data-block-id=\"c287780\"><div class=\"stk-column-wrapper stk-block-column__content stk-container stk-c287780-container stk--no-background stk--no-padding\"><div class=\"stk-block-content stk-inner-blocks stk-c287780-inner-blocks\">\n<figure class=\"wp-block-image size-large\"><img loading=\"lazy\" decoding=\"async\" width=\"1024\" height=\"683\" src=\"https:\/\/heaklubi.fi\/wordpress\/wp-content\/uploads\/2025\/01\/14_19-08-2013-1024x683.jpg\" alt=\"HEAKlubi kohtumine president Mauno Koivistoga 19.08.2013 Eesti saatkonnas Helsingis.\" class=\"wp-image-39\" srcset=\"https:\/\/heaklubi.fi\/wordpress\/wp-content\/uploads\/2025\/01\/14_19-08-2013-1024x683.jpg 1024w, https:\/\/heaklubi.fi\/wordpress\/wp-content\/uploads\/2025\/01\/14_19-08-2013-300x200.jpg 300w, https:\/\/heaklubi.fi\/wordpress\/wp-content\/uploads\/2025\/01\/14_19-08-2013-768x512.jpg 768w, https:\/\/heaklubi.fi\/wordpress\/wp-content\/uploads\/2025\/01\/14_19-08-2013.jpg 1200w\" sizes=\"auto, (max-width: 1024px) 100vw, 1024px\" \/><figcaption class=\"wp-element-caption\">HEAKlubi kohtumine president Mauno Koivistoga 19.08.2013 Eesti saatkonnas Helsingis.<br><\/figcaption><\/figure>\n<\/div><\/div><\/div>\n\n\n\n<div class=\"wp-block-stackable-column stk-block-column stk-column stk-block stk-a261c53\" data-v=\"4\" data-block-id=\"a261c53\"><div class=\"stk-column-wrapper stk-block-column__content stk-container stk-a261c53-container stk--no-background stk--no-padding\"><div class=\"stk-block-content stk-inner-blocks stk-a261c53-inner-blocks\">\n<figure class=\"wp-block-image size-large\"><img loading=\"lazy\" decoding=\"async\" width=\"1024\" height=\"576\" src=\"https:\/\/heaklubi.fi\/wordpress\/wp-content\/uploads\/2025\/01\/WP_20130925_011-1024x576.jpg\" alt=\"HEAKlubi kohtumine president Arnold R\u00fc\u00fctliga Kadriorus 2013 a. septembris.\" class=\"wp-image-76\" srcset=\"https:\/\/heaklubi.fi\/wordpress\/wp-content\/uploads\/2025\/01\/WP_20130925_011-1024x576.jpg 1024w, https:\/\/heaklubi.fi\/wordpress\/wp-content\/uploads\/2025\/01\/WP_20130925_011-300x169.jpg 300w, https:\/\/heaklubi.fi\/wordpress\/wp-content\/uploads\/2025\/01\/WP_20130925_011-768x432.jpg 768w, https:\/\/heaklubi.fi\/wordpress\/wp-content\/uploads\/2025\/01\/WP_20130925_011-1536x864.jpg 1536w, https:\/\/heaklubi.fi\/wordpress\/wp-content\/uploads\/2025\/01\/WP_20130925_011.jpg 1632w\" sizes=\"auto, (max-width: 1024px) 100vw, 1024px\" \/><figcaption class=\"wp-element-caption\">HEAKlubi kohtumine president Arnold R\u00fc\u00fctliga Kadriorus 2013 a. septembris.<\/figcaption><\/figure>\n<\/div><\/div><\/div>\n\n\n\n<div class=\"wp-block-stackable-column stk-block-column stk-column stk-block stk-4111995\" data-v=\"4\" data-block-id=\"4111995\"><div class=\"stk-column-wrapper stk-block-column__content stk-container stk-4111995-container stk--no-background stk--no-padding\"><div class=\"stk-block-content stk-inner-blocks stk-4111995-inner-blocks\">\n<figure class=\"wp-block-image size-full\"><img loading=\"lazy\" decoding=\"async\" width=\"800\" height=\"565\" src=\"https:\/\/heaklubi.fi\/wordpress\/wp-content\/uploads\/2025\/01\/IMG_6675.jpg\" alt=\"Koost\u00f6\u00f6lepingu s\u00f5lmimine Tuglas Seuraga jaanuaris 2011. Vasakul Tuglase Seltsi juht Juhani Salokannel, paremal klubi president Indrek Tammeaid.\" class=\"wp-image-62\" srcset=\"https:\/\/heaklubi.fi\/wordpress\/wp-content\/uploads\/2025\/01\/IMG_6675.jpg 800w, https:\/\/heaklubi.fi\/wordpress\/wp-content\/uploads\/2025\/01\/IMG_6675-300x212.jpg 300w, https:\/\/heaklubi.fi\/wordpress\/wp-content\/uploads\/2025\/01\/IMG_6675-768x542.jpg 768w\" sizes=\"auto, (max-width: 800px) 100vw, 800px\" \/><figcaption class=\"wp-element-caption\">Koost\u00f6\u00f6lepingu s\u00f5lmimine Tuglas Seuraga jaanuaris 2011. Vasakul Tuglase seltsi juhataja Juhani Salokannel, paremal klubi president Indrek Tammeaid.<\/figcaption><\/figure>\n<\/div><\/div><\/div>\n\n\n\n<div class=\"wp-block-stackable-column stk-block-column stk-column stk-block stk-c13fdef\" data-v=\"4\" data-block-id=\"c13fdef\"><div class=\"stk-column-wrapper stk-block-column__content stk-container stk-c13fdef-container stk--no-background stk--no-padding\"><div class=\"stk-block-content stk-inner-blocks stk-c13fdef-inner-blocks\">\n<figure class=\"wp-block-image size-large\"><img loading=\"lazy\" decoding=\"async\" width=\"1024\" height=\"768\" src=\"https:\/\/heaklubi.fi\/wordpress\/wp-content\/uploads\/2025\/01\/20211027_173203-1024x768.jpg\" alt=\"Heaklubi 15 juubeliseminar Eesti suursaatkonnas oktoobris 2021.\" class=\"wp-image-46\" srcset=\"https:\/\/heaklubi.fi\/wordpress\/wp-content\/uploads\/2025\/01\/20211027_173203-1024x768.jpg 1024w, https:\/\/heaklubi.fi\/wordpress\/wp-content\/uploads\/2025\/01\/20211027_173203-300x225.jpg 300w, https:\/\/heaklubi.fi\/wordpress\/wp-content\/uploads\/2025\/01\/20211027_173203-768x576.jpg 768w, https:\/\/heaklubi.fi\/wordpress\/wp-content\/uploads\/2025\/01\/20211027_173203-1536x1152.jpg 1536w, https:\/\/heaklubi.fi\/wordpress\/wp-content\/uploads\/2025\/01\/20211027_173203-2048x1536.jpg 2048w\" sizes=\"auto, (max-width: 1024px) 100vw, 1024px\" \/><figcaption class=\"wp-element-caption\">Heaklubi 15 juubeliseminar Eesti suursaatkonnas oktoobris 2021. <\/figcaption><\/figure>\n<\/div><\/div><\/div>\n\n\n\n<div class=\"wp-block-stackable-column stk-block-column stk-column stk-block stk-016b0b4\" data-v=\"4\" data-block-id=\"016b0b4\"><div class=\"stk-column-wrapper stk-block-column__content stk-container stk-016b0b4-container stk--no-background stk--no-padding\"><div class=\"stk-block-content stk-inner-blocks stk-016b0b4-inner-blocks\">\n<figure class=\"wp-block-image size-large\"><img loading=\"lazy\" decoding=\"async\" width=\"1024\" height=\"768\" src=\"https:\/\/heaklubi.fi\/wordpress\/wp-content\/uploads\/2025\/01\/20210428_163117-1024x768.jpg\" alt=\"Heaklubi Soome rahvusooperis septembris 2020 Verdi Trubaduuri vaatamas. Azucena rollis eestlanna Monika-Evelin Liiv.\" class=\"wp-image-43\" srcset=\"https:\/\/heaklubi.fi\/wordpress\/wp-content\/uploads\/2025\/01\/20210428_163117-1024x768.jpg 1024w, https:\/\/heaklubi.fi\/wordpress\/wp-content\/uploads\/2025\/01\/20210428_163117-300x225.jpg 300w, https:\/\/heaklubi.fi\/wordpress\/wp-content\/uploads\/2025\/01\/20210428_163117-768x576.jpg 768w, https:\/\/heaklubi.fi\/wordpress\/wp-content\/uploads\/2025\/01\/20210428_163117-1536x1152.jpg 1536w, https:\/\/heaklubi.fi\/wordpress\/wp-content\/uploads\/2025\/01\/20210428_163117-2048x1536.jpg 2048w\" sizes=\"auto, (max-width: 1024px) 100vw, 1024px\" \/><figcaption class=\"wp-element-caption\">Heaklubi Soome rahvusooperis septembris 2020 Verdi Trubaduuri vaatamas. Azucena rollis eestlanna Monika-Evelin Liiv.<\/figcaption><\/figure>\n<\/div><\/div><\/div>\n\n\n\n<div class=\"wp-block-stackable-column stk-block-column stk-column stk-block stk-e1a7315\" data-v=\"4\" data-block-id=\"e1a7315\"><div class=\"stk-column-wrapper stk-block-column__content stk-container stk-e1a7315-container stk--no-background stk--no-padding\"><div class=\"stk-block-content stk-inner-blocks stk-e1a7315-inner-blocks\">\n<figure class=\"wp-block-image size-large\"><img loading=\"lazy\" decoding=\"async\" width=\"1024\" height=\"768\" src=\"https:\/\/heaklubi.fi\/wordpress\/wp-content\/uploads\/2025\/01\/IMG_20220831_182504-1-1024x768.jpg\" alt=\"V\u00e4hipidu Villa Pentrys augustis 2022.\" class=\"wp-image-64\" srcset=\"https:\/\/heaklubi.fi\/wordpress\/wp-content\/uploads\/2025\/01\/IMG_20220831_182504-1-1024x768.jpg 1024w, https:\/\/heaklubi.fi\/wordpress\/wp-content\/uploads\/2025\/01\/IMG_20220831_182504-1-300x225.jpg 300w, https:\/\/heaklubi.fi\/wordpress\/wp-content\/uploads\/2025\/01\/IMG_20220831_182504-1-768x576.jpg 768w, https:\/\/heaklubi.fi\/wordpress\/wp-content\/uploads\/2025\/01\/IMG_20220831_182504-1-1536x1152.jpg 1536w, https:\/\/heaklubi.fi\/wordpress\/wp-content\/uploads\/2025\/01\/IMG_20220831_182504-1-2048x1536.jpg 2048w\" sizes=\"auto, (max-width: 1024px) 100vw, 1024px\" \/><figcaption class=\"wp-element-caption\">V\u00e4hipidu Villa Pentrys augustis 2022.<\/figcaption><\/figure>\n<\/div><\/div><\/div>\n<\/div><div class=\"stk-block-carousel__buttons\"><button class=\"stk-block-carousel__button stk-block-carousel__button__prev\" aria-label=\"Previous slide\"><svg aria-hidden=\"true\" focusable=\"false\" data-prefix=\"fas\" data-icon=\"chevron-left\" class=\"svg-inline--fa fa-chevron-left\" xmlns=\"http:\/\/www.w3.org\/2000\/svg\" viewBox=\"0 0 320 512\" width=\"32\" height=\"32\"><path d=\"M34.52 239.03L228.87 44.69c9.37-9.37 24.57-9.37 33.94 0l22.67 22.67c9.36 9.36 9.37 24.52.04 33.9L131.49 256l154.02 154.75c9.34 9.38 9.32 24.54-.04 33.9l-22.67 22.67c-9.37 9.37-24.57 9.37-33.94 0L34.52 272.97c-9.37-9.37-9.37-24.57 0-33.94z\"><\/path><\/svg><\/button><button class=\"stk-block-carousel__button stk-block-carousel__button__next\" aria-label=\"Next slide\"><svg aria-hidden=\"true\" focusable=\"false\" data-prefix=\"fas\" data-icon=\"chevron-right\" class=\"svg-inline--fa fa-chevron-right\" xmlns=\"http:\/\/www.w3.org\/2000\/svg\" viewBox=\"0 0 320 512\" width=\"32\" height=\"32\"><path d=\"M285.476 272.971L91.132 467.314c-9.373 9.373-24.569 9.373-33.941 0l-22.667-22.667c-9.357-9.357-9.375-24.522-.04-33.901L188.505 256 34.484 101.255c-9.335-9.379-9.317-24.544.04-33.901l22.667-22.667c9.373-9.373 24.569-9.373 33.941 0L285.475 239.03c9.373 9.372 9.373 24.568.001 33.941z\"><\/path><\/svg><\/button><\/div><\/div><div class=\"stk-block-carousel__dots\" role=\"list\" data-label=\"Slide %%d\"><\/div><\/div><\/div>\n\n\n\n<p><\/p>\n","protected":false},"excerpt":{"rendered":"<p>Helsingi Eesti Akadeemiline Klubi (HEAK) on aastal 2006 asutatud klubi, mis \u00fchendab Helsingi piirkonnas elavaid akadeemiliste huvidega eestlasi. Klubi tegevuse eesm\u00e4rgiks on pakkuda oma liikmetele eelk\u00f5ige erinevaid v\u00f5imalusi omavaheliseks arendavaks suhtlemiseks. Klubi p\u00fc\u00fcab oma v\u00f5imaluste piires aidata kaasa eestlaste integreerumisele Soome \u00fchiskonda ning kahe maa omavahelisele l\u00f5imumisele. Meie jaoks on t\u00e4htis soodustada oma tegevusega ka [&hellip;]<\/p>\n","protected":false},"author":1,"featured_media":0,"parent":0,"menu_order":0,"comment_status":"open","ping_status":"open","template":"","meta":{"footnotes":""},"class_list":["post-1","page","type-page","status-publish","hentry"],"blocksy_meta":[],"_links":{"self":[{"href":"https:\/\/heaklubi.fi\/index.php\/wp-json\/wp\/v2\/pages\/1","targetHints":{"allow":["GET"]}}],"collection":[{"href":"https:\/\/heaklubi.fi\/index.php\/wp-json\/wp\/v2\/pages"}],"about":[{"href":"https:\/\/heaklubi.fi\/index.php\/wp-json\/wp\/v2\/types\/page"}],"author":[{"embeddable":true,"href":"https:\/\/heaklubi.fi\/index.php\/wp-json\/wp\/v2\/users\/1"}],"replies":[{"embeddable":true,"href":"https:\/\/heaklubi.fi\/index.php\/wp-json\/wp\/v2\/comments?post=1"}],"version-history":[{"count":27,"href":"https:\/\/heaklubi.fi\/index.php\/wp-json\/wp\/v2\/pages\/1\/revisions"}],"predecessor-version":[{"id":995,"href":"https:\/\/heaklubi.fi\/index.php\/wp-json\/wp\/v2\/pages\/1\/revisions\/995"}],"wp:attachment":[{"href":"https:\/\/heaklubi.fi\/index.php\/wp-json\/wp\/v2\/media?parent=1"}],"curies":[{"name":"wp","href":"https:\/\/api.w.org\/{rel}","templated":true}]}}