{"id":808,"date":"2025-04-27T11:11:35","date_gmt":"2025-04-27T09:11:35","guid":{"rendered":"https:\/\/heaklubi.fi\/wordpress\/index.php\/helsingi-eesti-akadeemiline-klubi-suomi\/"},"modified":"2025-09-05T23:00:50","modified_gmt":"2025-09-05T21:00:50","slug":"helsingi-eesti-akadeemiline-klubi-suomi","status":"publish","type":"page","link":"https:\/\/heaklubi.fi\/index.php\/fi\/helsingi-eesti-akadeemiline-klubi-suomi\/","title":{"rendered":"Helsingin Virolainen Akateeminen Klubi ry"},"content":{"rendered":"\n<figure class=\"wp-block-image size-full\"><img loading=\"lazy\" decoding=\"async\" width=\"1024\" height=\"683\" src=\"https:\/\/heaklubi.fi\/wordpress\/wp-content\/uploads\/2025\/05\/Eesti107-162.jpg\" alt=\"\" class=\"wp-image-878\" srcset=\"https:\/\/heaklubi.fi\/wordpress\/wp-content\/uploads\/2025\/05\/Eesti107-162.jpg 1024w, https:\/\/heaklubi.fi\/wordpress\/wp-content\/uploads\/2025\/05\/Eesti107-162-300x200.jpg 300w, https:\/\/heaklubi.fi\/wordpress\/wp-content\/uploads\/2025\/05\/Eesti107-162-768x512.jpg 768w\" sizes=\"auto, (max-width: 1024px) 100vw, 1024px\" \/><figcaption class=\"wp-element-caption\">HEAKlubin j\u00e4seni\u00e4 Viron tasavallan vuosip\u00e4iv\u00e4n vastaanotolla Viron suurl\u00e4hetyst\u00f6ss\u00e4 helmikuussa 2025. Kuva Kristi Leht.<\/figcaption><\/figure>\n\n\n\n<p>Helsingin Viron Akateeminen Klubi (Helsingi Eesti Akadeemiline Klubi) on vuonna 2006 perustettu klubi, joka yhdist\u00e4\u00e4 Helsingin alueella asuvia virolaisia, joilla on akateemisia kiinnostuksenkohteita.<\/p>\n\n\n\n<p>Klubin toiminnan tavoitteena on ennen kaikkea tarjota j\u00e4senilleen mahdollisuuksia kehitt\u00e4v\u00e4\u00e4n keskin\u00e4iseen kanssak\u00e4ymiseen.<\/p>\n\n\n\n<p>Klubi pyrkii mahdollisuuksiensa puitteissa edist\u00e4m\u00e4\u00e4n virolaisten integroitumista suomalaiseen yhteiskuntaan sek\u00e4 Suomen ja Viron v\u00e4lisi\u00e4 suhteita. Meille on t\u00e4rke\u00e4\u00e4 edesauttaa toiminnallamme my\u00f6s hyvien ajatusten ja uusien ideoiden liikkumista molemmin puolin lahtea. Olemme esimerkiksi j\u00e4rjest\u00e4neet paneelikeskusteluja Viron ja Suomen suhteista sek\u00e4 tulevaisuuden yhteisty\u00f6st\u00e4. Meill\u00e4 on ollut kunnia tavata sek\u00e4 Suomen ett\u00e4 Viron presidenttej\u00e4.<\/p>\n\n\n\n<p>Pyrimme my\u00f6s omalta osaltamme edist\u00e4m\u00e4\u00e4n virolaisen tieteen, talouden, kulttuurin ja perinteiden tunnetuksi tekemist\u00e4 Suomessa. Olemme k\u00e4\u00e4nt\u00e4neet suomeksi Enn Soosaaren kirjan <em>Viron nurinkurinen vuosisata<\/em> (&#8220;Nuripidine aastasada: ajast, isast ja teistest&#8221;) ja tukeneet monin tavoin Helsingin Latokartanon koulun vironkielist\u00e4 opetusta.<\/p>\n\n\n\n<h2 class=\"wp-block-heading\">Klubin toiminnasta<\/h2>\n\n\n\n<p>Helsingin Virolaisen Akateemisen Klubin j\u00e4senet kokoontuvat kerran kuukaudessa, jolloin tapaamme eri el\u00e4m\u00e4nalueilla toimivia organisaatioita, yrityksi\u00e4 tai henkil\u00f6it\u00e4, joilla on jonkinlainen kytk\u00f6s Viroon.<\/p>\n\n\n\n<p>J\u00e4rjest\u00e4mme tapaamisia, joiden sis\u00e4ll\u00f6t liittyv\u00e4t tieteeseen, talouteen ja kulttuuriin, tiedotusp\u00e4ivi\u00e4, retki\u00e4 sek\u00e4 juhlatilaisuuksia Viron merkkip\u00e4ivien juhlistamiseksi. Klubin perinteeksi ovat muodostuneet Viron itsen\u00e4isyysp\u00e4iv\u00e4n juhla, rapujuhlat ja joulujuhla.<\/p>\n\n\n\n<p>Lis\u00e4ksi toteutamme hyv\u00e4ntekev\u00e4isyys- ja sponsorointiprojekteja, jotka ovat linjassa klubin tavoitteiden kanssa. Esimerkiksi olemme osallistuneet Estonia-konserttiflyygelin hankintaan Viron suurl\u00e4hetyst\u00f6lle Helsingiss\u00e4. Olemme my\u00f6s hankkineet vironkielisi\u00e4 lastenkirjoja Helsingin Latokartanon peruskoululle, tukeneet esseekilpailua sek\u00e4 vironkielist\u00e4 opetusta esittelevien esitteiden painattamista.<\/p>\n\n\n\n<p>Aktiivisia j\u00e4seni\u00e4 klubissa on noin 30. J\u00e4senemme toimivat asiantuntijoina tai johtoteht\u00e4viss\u00e4 eri aloilla, kuten rahoitus- ja pankkisektorilla, yritt\u00e4jin\u00e4, kulttuurin, tieteen ja koulutuksen parissa sek\u00e4 l\u00e4\u00e4ketieteess\u00e4. Klubin j\u00e4seneksi p\u00e4\u00e4see kutsusta. Lis\u00e4tietoja j\u00e4senyydest\u00e4 saa klubin hallitukselta.<\/p>\n\n\n\n<figure class=\"wp-block-image size-large\"><img loading=\"lazy\" decoding=\"async\" width=\"1024\" height=\"666\" src=\"https:\/\/heaklubi.fi\/wordpress\/wp-content\/uploads\/2025\/01\/FB_IMG_1716298407447-1024x666.jpg\" alt=\"HEAKlubi delegatsiooni kohtumine president Alar Karisega Kadriorus 21.5.2024.\" class=\"wp-image-923\" srcset=\"https:\/\/heaklubi.fi\/wordpress\/wp-content\/uploads\/2025\/01\/FB_IMG_1716298407447-1024x666.jpg 1024w, https:\/\/heaklubi.fi\/wordpress\/wp-content\/uploads\/2025\/01\/FB_IMG_1716298407447-300x195.jpg 300w, https:\/\/heaklubi.fi\/wordpress\/wp-content\/uploads\/2025\/01\/FB_IMG_1716298407447-768x499.jpg 768w, https:\/\/heaklubi.fi\/wordpress\/wp-content\/uploads\/2025\/01\/FB_IMG_1716298407447.jpg 1080w\" sizes=\"auto, (max-width: 1024px) 100vw, 1024px\" \/><figcaption class=\"wp-element-caption\">HEAKlubin delegaation tapaaminen Viron presidentti Alar Karisin kanssa Kadriorgissa 21.5.2024.<\/figcaption><\/figure>\n\n\n\n<h2 class=\"wp-block-heading\">Helsingin Virolaisen Akateemisen Klubin hallitus 2025\/2026<\/h2>\n\n\n\n<ul class=\"wp-block-list\">\n<li>Raigo Megerild (Klubin presidentti)<\/li>\n\n\n\n<li>Henri Malvet<\/li>\n\n\n\n<li>Jaan Praks<\/li>\n\n\n\n<li>Marja Tuhkanen<\/li>\n\n\n\n<li>Helin Vesala (vpj)<\/li>\n\n\n\n<li>Valdar Liive<\/li>\n\n\n\n<li>Sten-Erik Tammem\u00e4e<\/li>\n\n\n\n<li>Kalle Pedak<\/li>\n<\/ul>\n\n\n\n<p>Yhteydenotot: info@heaklubi.fi<\/p>\n\n\n\n<p><\/p>\n\n\n\n<div class=\"wp-block-stackable-carousel stk-block-carousel stk--is-slide stk--arrows-justify-space-between stk--arrows-align-center stk-block stk-db4843e\" data-slides-to-show=\"\" data-block-id=\"db4843e\"><div class=\"stk-block-carousel__content-wrapper\"><div class=\"stk-row stk-inner-blocks stk-block-content stk-block-carousel__slider-wrapper stk-content-align stk-db4843e-column\"><div class=\"stk-block-carousel__slider\" role=\"list\" data-autoplay=\"4000\" data-label-slide-of=\"Slide %%d of %%d\">\n<div class=\"wp-block-stackable-column stk-block-column stk-column stk-block stk-c5090b6\" data-v=\"4\" data-block-id=\"c5090b6\"><div class=\"stk-column-wrapper stk-block-column__content stk-container stk-c5090b6-container stk--no-background stk--no-padding\"><div class=\"stk-block-content stk-inner-blocks stk-c5090b6-inner-blocks\">\n<figure class=\"wp-block-image size-large\"><img loading=\"lazy\" decoding=\"async\" width=\"1024\" height=\"603\" src=\"https:\/\/heaklubi.fi\/wordpress\/wp-content\/uploads\/2025\/01\/IMG-20240214-WA0023-1024x603.jpg\" alt=\"Eesti saatkonna vabariigi aastap\u00e4eva vastuv\u00f5tt Eesti saatkonnas 14.2.2024. Kohal viibis ka president Alar Karis. Pildil HEAKlubi liikmed.\" class=\"wp-image-904\" srcset=\"https:\/\/heaklubi.fi\/wordpress\/wp-content\/uploads\/2025\/01\/IMG-20240214-WA0023-1024x603.jpg 1024w, https:\/\/heaklubi.fi\/wordpress\/wp-content\/uploads\/2025\/01\/IMG-20240214-WA0023-300x177.jpg 300w, https:\/\/heaklubi.fi\/wordpress\/wp-content\/uploads\/2025\/01\/IMG-20240214-WA0023-768x452.jpg 768w, https:\/\/heaklubi.fi\/wordpress\/wp-content\/uploads\/2025\/01\/IMG-20240214-WA0023-1536x905.jpg 1536w, https:\/\/heaklubi.fi\/wordpress\/wp-content\/uploads\/2025\/01\/IMG-20240214-WA0023.jpg 2048w\" sizes=\"auto, (max-width: 1024px) 100vw, 1024px\" \/><figcaption class=\"wp-element-caption\">Viron itsen\u00e4isyysp\u00e4iv\u00e4n vastaanotto suurl\u00e4hetyst\u00f6ss\u00e4 14.2.2024. Tilaisuuteen osallistui my\u00f6s Viron presidentti Alar Karis. Kuvassa HEAKlubin j\u00e4seni\u00e4.<br><\/figcaption><\/figure>\n<\/div><\/div><\/div>\n\n\n\n<div class=\"wp-block-stackable-column stk-block-column stk-column stk-block stk-fef6c22\" data-v=\"4\" data-block-id=\"fef6c22\"><div class=\"stk-column-wrapper stk-block-column__content stk-container stk-fef6c22-container stk--no-background stk--no-padding\"><div class=\"stk-block-content stk-inner-blocks stk-fef6c22-inner-blocks\">\n<figure class=\"wp-block-image size-full\"><img loading=\"lazy\" decoding=\"async\" width=\"750\" height=\"500\" src=\"https:\/\/heaklubi.fi\/wordpress\/wp-content\/uploads\/2025\/01\/HEK2-2.jpg\" alt=\"Klubi perustamiskokous 26.04.2006. Kuvassa J\u00fcri Teemant, Kalle Pedak, Rego Ostonen, istuu Henri Malvet, Toomas Abner, Gunnar Okk ja Andres K\u00e4\u00e4r.\" class=\"wp-image-920\" srcset=\"https:\/\/heaklubi.fi\/wordpress\/wp-content\/uploads\/2025\/01\/HEK2-2.jpg 750w, https:\/\/heaklubi.fi\/wordpress\/wp-content\/uploads\/2025\/01\/HEK2-2-300x200.jpg 300w\" sizes=\"auto, (max-width: 750px) 100vw, 750px\" \/><figcaption class=\"wp-element-caption\">Klubin perustamiskokous 26.04.2006. Kuvassa seisovat (vasemmalta) J\u00fcri Teemant, Kalle Pedak, Rego Ostonen, istumassa (vasemmalta) Henri Malvet, Toomas Abner, Gunnar Okk ja Andres K\u00e4\u00e4r.<\/figcaption><\/figure>\n<\/div><\/div><\/div>\n\n\n\n<div class=\"wp-block-stackable-column stk-block-column stk-column stk-block stk-02c8fb2\" data-v=\"4\" data-block-id=\"02c8fb2\"><div class=\"stk-column-wrapper stk-block-column__content stk-container stk-02c8fb2-container stk--no-background stk--no-padding\"><div class=\"stk-block-content stk-inner-blocks stk-02c8fb2-inner-blocks\">\n<figure class=\"wp-block-image size-full\"><img loading=\"lazy\" decoding=\"async\" width=\"640\" height=\"480\" src=\"https:\/\/heaklubi.fi\/wordpress\/wp-content\/uploads\/2025\/01\/Saatkonna-klaver.jpg\" alt=\"HEAKlubi auttoi hankkimaan Helsingin Viron suurl\u00e4hetyst\u00f6\u00f6n Estonia-flyygelin. Suurl\u00e4hetyst\u00f6n kiitoskirje klubille ja muille lahjoittajille.\" class=\"wp-image-922\" srcset=\"https:\/\/heaklubi.fi\/wordpress\/wp-content\/uploads\/2025\/01\/Saatkonna-klaver.jpg 640w, https:\/\/heaklubi.fi\/wordpress\/wp-content\/uploads\/2025\/01\/Saatkonna-klaver-300x225.jpg 300w\" sizes=\"auto, (max-width: 640px) 100vw, 640px\" \/><figcaption class=\"wp-element-caption\">HEAKlubi auttoi hankkimaan Helsingin Viron suurl\u00e4hetyst\u00f6\u00f6n Estonia-flyygelin. Suurl\u00e4hetyst\u00f6n kiitoskirje klubille ja muille lahjoittajille.<\/figcaption><\/figure>\n<\/div><\/div><\/div>\n\n\n\n<div class=\"wp-block-stackable-column stk-block-column stk-column stk-block stk-2fa1cba\" data-v=\"4\" data-block-id=\"2fa1cba\"><div class=\"stk-column-wrapper stk-block-column__content stk-container stk-2fa1cba-container stk--no-background stk--no-padding\"><div class=\"stk-block-content stk-inner-blocks stk-2fa1cba-inner-blocks\">\n<figure class=\"wp-block-image size-large\"><img loading=\"lazy\" decoding=\"async\" width=\"1024\" height=\"768\" src=\"https:\/\/heaklubi.fi\/wordpress\/wp-content\/uploads\/2025\/01\/IMG_1791-1024x768.jpg\" alt=\"Klubi v\u00e4ljas\u00f5it Stockholmi aastal 2011. Programmis mm. Stockholmi Eesti Maja k\u00fclastamine.\" class=\"wp-image-915\" srcset=\"https:\/\/heaklubi.fi\/wordpress\/wp-content\/uploads\/2025\/01\/IMG_1791-1024x768.jpg 1024w, https:\/\/heaklubi.fi\/wordpress\/wp-content\/uploads\/2025\/01\/IMG_1791-300x225.jpg 300w, https:\/\/heaklubi.fi\/wordpress\/wp-content\/uploads\/2025\/01\/IMG_1791-768x576.jpg 768w, https:\/\/heaklubi.fi\/wordpress\/wp-content\/uploads\/2025\/01\/IMG_1791-1536x1152.jpg 1536w, https:\/\/heaklubi.fi\/wordpress\/wp-content\/uploads\/2025\/01\/IMG_1791-2048x1536.jpg 2048w\" sizes=\"auto, (max-width: 1024px) 100vw, 1024px\" \/><figcaption class=\"wp-element-caption\">Klubin retki Tukholmaan vuonna 2011. Ohjelmassa mm. vierailu Tukholman Viro-talossa.<br><\/figcaption><\/figure>\n<\/div><\/div><\/div>\n\n\n\n<div class=\"wp-block-stackable-column stk-block-column stk-column stk-block stk-d684197\" data-v=\"4\" data-block-id=\"d684197\"><div class=\"stk-column-wrapper stk-block-column__content stk-container stk-d684197-container stk--no-background stk--no-padding\"><div class=\"stk-block-content stk-inner-blocks stk-d684197-inner-blocks\">\n<figure class=\"wp-block-image size-full\"><img loading=\"lazy\" decoding=\"async\" width=\"972\" height=\"648\" src=\"https:\/\/heaklubi.fi\/wordpress\/wp-content\/uploads\/2025\/01\/Sofi030.jpg\" alt=\"Tapaaminen Sofi Oksasen kanssa Viron suurl\u00e4hetyst\u00f6ss\u00e4 syyskuussa 2012. Gunnar Okk lahjoittamassa HEAKlubin puolesta Enn Soosaaren kirjaa.\" class=\"wp-image-914\" srcset=\"https:\/\/heaklubi.fi\/wordpress\/wp-content\/uploads\/2025\/01\/Sofi030.jpg 972w, https:\/\/heaklubi.fi\/wordpress\/wp-content\/uploads\/2025\/01\/Sofi030-300x200.jpg 300w, https:\/\/heaklubi.fi\/wordpress\/wp-content\/uploads\/2025\/01\/Sofi030-768x512.jpg 768w\" sizes=\"auto, (max-width: 972px) 100vw, 972px\" \/><figcaption class=\"wp-element-caption\">Tapaaminen Sofi Oksasen kanssa Viron suurl\u00e4hetyst\u00f6ss\u00e4 syyskuussa 2012. Gunnar Okk lahjoittamassa HEAKlubin puolesta Enn Soosaaren kirjaa.<\/figcaption><\/figure>\n<\/div><\/div><\/div>\n\n\n\n<div class=\"wp-block-stackable-column stk-block-column stk-column stk-block stk-a46ad86\" data-v=\"4\" data-block-id=\"a46ad86\"><div class=\"stk-column-wrapper stk-block-column__content stk-container stk-a46ad86-container stk--no-background stk--no-padding\"><div class=\"stk-block-content stk-inner-blocks stk-a46ad86-inner-blocks\">\n<figure class=\"wp-block-image size-large\"><img loading=\"lazy\" decoding=\"async\" width=\"1024\" height=\"576\" src=\"https:\/\/heaklubi.fi\/wordpress\/wp-content\/uploads\/2025\/01\/WP_20130925_011-1024x576.jpg\" alt=\"HEAKlubin tapaaminen presidentti Arnold R\u00fc\u00fctlin kanssa Kadriorgissa syyskuussa 2013.\" class=\"wp-image-906\" srcset=\"https:\/\/heaklubi.fi\/wordpress\/wp-content\/uploads\/2025\/01\/WP_20130925_011-1024x576.jpg 1024w, https:\/\/heaklubi.fi\/wordpress\/wp-content\/uploads\/2025\/01\/WP_20130925_011-300x169.jpg 300w, https:\/\/heaklubi.fi\/wordpress\/wp-content\/uploads\/2025\/01\/WP_20130925_011-768x432.jpg 768w, https:\/\/heaklubi.fi\/wordpress\/wp-content\/uploads\/2025\/01\/WP_20130925_011-1536x864.jpg 1536w, https:\/\/heaklubi.fi\/wordpress\/wp-content\/uploads\/2025\/01\/WP_20130925_011.jpg 1632w\" sizes=\"auto, (max-width: 1024px) 100vw, 1024px\" \/><figcaption class=\"wp-element-caption\">HEAKlubin tapaaminen presidentti Arnold R\u00fc\u00fctlin kanssa Kadriorgissa syyskuussa 2013.<\/figcaption><\/figure>\n<\/div><\/div><\/div>\n\n\n\n<div class=\"wp-block-stackable-column stk-block-column stk-column stk-block stk-98369ed\" data-v=\"4\" data-block-id=\"98369ed\"><div class=\"stk-column-wrapper stk-block-column__content stk-container stk-98369ed-container stk--no-background stk--no-padding\"><div class=\"stk-block-content stk-inner-blocks stk-98369ed-inner-blocks\">\n<figure class=\"wp-block-image size-full\"><img loading=\"lazy\" decoding=\"async\" width=\"640\" height=\"480\" src=\"https:\/\/heaklubi.fi\/wordpress\/wp-content\/uploads\/2025\/01\/kuva-4-002.jpg\" alt=\"Klubi kohtumine president Tarja Haloneniga Eesti saatkonnas 03.12.2014.\" class=\"wp-image-997\" srcset=\"https:\/\/heaklubi.fi\/wordpress\/wp-content\/uploads\/2025\/01\/kuva-4-002.jpg 640w, https:\/\/heaklubi.fi\/wordpress\/wp-content\/uploads\/2025\/01\/kuva-4-002-300x225.jpg 300w\" sizes=\"auto, (max-width: 640px) 100vw, 640px\" \/><figcaption class=\"wp-element-caption\">Klubin tapaaminen presidentti Tarja Halosen kanssa Viron suurl\u00e4hetyst\u00f6ss\u00e4 03.12.2014.<\/figcaption><\/figure>\n<\/div><\/div><\/div>\n\n\n\n<div class=\"wp-block-stackable-column stk-block-column stk-column stk-block stk-55a06c4\" data-v=\"4\" data-block-id=\"55a06c4\"><div class=\"stk-column-wrapper stk-block-column__content stk-container stk-55a06c4-container stk--no-background stk--no-padding\"><div class=\"stk-block-content stk-inner-blocks stk-55a06c4-inner-blocks\">\n<figure class=\"wp-block-image size-full\"><img loading=\"lazy\" decoding=\"async\" width=\"800\" height=\"565\" src=\"https:\/\/heaklubi.fi\/wordpress\/wp-content\/uploads\/2025\/01\/IMG_6675.jpg\" alt=\"Koost\u00f6\u00f6lepingu s\u00f5lmimine Tuglas Seuraga jaanuaris 2011. Vasakul Tuglase Seltsi juht Juhani Salokannel, paremal klubi president Indrek Tammeaid.\" class=\"wp-image-911\" srcset=\"https:\/\/heaklubi.fi\/wordpress\/wp-content\/uploads\/2025\/01\/IMG_6675.jpg 800w, https:\/\/heaklubi.fi\/wordpress\/wp-content\/uploads\/2025\/01\/IMG_6675-300x212.jpg 300w, https:\/\/heaklubi.fi\/wordpress\/wp-content\/uploads\/2025\/01\/IMG_6675-768x542.jpg 768w\" sizes=\"auto, (max-width: 800px) 100vw, 800px\" \/><figcaption class=\"wp-element-caption\">Yhteisty\u00f6sopimuksen allekirjoitus Tuglas-seuran kanssa tammikuussa 2011. Vasemmalla Tuglas-seuran toiminnanjohtaja Juhani Salokannel, oikealla HEAKlubin puheenjohtaja Indrek Tammeaid.<\/figcaption><\/figure>\n<\/div><\/div><\/div>\n\n\n\n<div class=\"wp-block-stackable-column stk-block-column stk-column stk-block stk-59634af\" data-v=\"4\" data-block-id=\"59634af\"><div class=\"stk-column-wrapper stk-block-column__content stk-container stk-59634af-container stk--no-background stk--no-padding\"><div class=\"stk-block-content stk-inner-blocks stk-59634af-inner-blocks\">\n<figure class=\"wp-block-image size-large\"><img loading=\"lazy\" decoding=\"async\" width=\"1024\" height=\"768\" src=\"https:\/\/heaklubi.fi\/wordpress\/wp-content\/uploads\/2025\/01\/20210428_163117-1024x768.jpg\" alt=\"Heaklubi oopperissa 2020.\" class=\"wp-image-956\" srcset=\"https:\/\/heaklubi.fi\/wordpress\/wp-content\/uploads\/2025\/01\/20210428_163117-1024x768.jpg 1024w, https:\/\/heaklubi.fi\/wordpress\/wp-content\/uploads\/2025\/01\/20210428_163117-300x225.jpg 300w, https:\/\/heaklubi.fi\/wordpress\/wp-content\/uploads\/2025\/01\/20210428_163117-768x576.jpg 768w, https:\/\/heaklubi.fi\/wordpress\/wp-content\/uploads\/2025\/01\/20210428_163117-1536x1152.jpg 1536w, https:\/\/heaklubi.fi\/wordpress\/wp-content\/uploads\/2025\/01\/20210428_163117-2048x1536.jpg 2048w\" sizes=\"auto, (max-width: 1024px) 100vw, 1024px\" \/><figcaption class=\"wp-element-caption\">Heaklubi oopperassa 2020.<\/figcaption><\/figure>\n<\/div><\/div><\/div>\n\n\n\n<div class=\"wp-block-stackable-column stk-block-column stk-column stk-block stk-23a70dd\" data-v=\"4\" data-block-id=\"23a70dd\"><div class=\"stk-column-wrapper stk-block-column__content stk-container stk-23a70dd-container stk--no-background stk--no-padding\"><div class=\"stk-block-content stk-inner-blocks stk-23a70dd-inner-blocks\">\n<figure class=\"wp-block-image size-large\"><img loading=\"lazy\" decoding=\"async\" width=\"1024\" height=\"768\" src=\"https:\/\/heaklubi.fi\/wordpress\/wp-content\/uploads\/2025\/01\/20211027_173203-1024x768.jpg\" alt=\"Heaklubi 15 juubeliseminar Eesti suursaatkonnas oktoobris 2021.\" class=\"wp-image-930\" srcset=\"https:\/\/heaklubi.fi\/wordpress\/wp-content\/uploads\/2025\/01\/20211027_173203-1024x768.jpg 1024w, https:\/\/heaklubi.fi\/wordpress\/wp-content\/uploads\/2025\/01\/20211027_173203-300x225.jpg 300w, https:\/\/heaklubi.fi\/wordpress\/wp-content\/uploads\/2025\/01\/20211027_173203-768x576.jpg 768w, https:\/\/heaklubi.fi\/wordpress\/wp-content\/uploads\/2025\/01\/20211027_173203-1536x1152.jpg 1536w, https:\/\/heaklubi.fi\/wordpress\/wp-content\/uploads\/2025\/01\/20211027_173203-2048x1536.jpg 2048w\" sizes=\"auto, (max-width: 1024px) 100vw, 1024px\" \/><figcaption class=\"wp-element-caption\">HEAKlubin 15-vuotisseminaari Viron suurl\u00e4hetyst\u00f6ss\u00e4 lokakuussa 2021.<\/figcaption><\/figure>\n<\/div><\/div><\/div>\n\n\n\n<div class=\"wp-block-stackable-column stk-block-column stk-column stk-block stk-f18daac\" data-v=\"4\" data-block-id=\"f18daac\"><div class=\"stk-column-wrapper stk-block-column__content stk-container stk-f18daac-container stk--no-background stk--no-padding\"><div class=\"stk-block-content stk-inner-blocks stk-f18daac-inner-blocks\">\n<figure class=\"wp-block-image size-large\"><img loading=\"lazy\" decoding=\"async\" width=\"1024\" height=\"768\" src=\"https:\/\/heaklubi.fi\/wordpress\/wp-content\/uploads\/2025\/01\/IMG_20220831_182504-1-1024x768.jpg\" alt=\"V\u00e4hipidu Villa Pentrys augustis 2022.\" class=\"wp-image-934\" srcset=\"https:\/\/heaklubi.fi\/wordpress\/wp-content\/uploads\/2025\/01\/IMG_20220831_182504-1-1024x768.jpg 1024w, https:\/\/heaklubi.fi\/wordpress\/wp-content\/uploads\/2025\/01\/IMG_20220831_182504-1-300x225.jpg 300w, https:\/\/heaklubi.fi\/wordpress\/wp-content\/uploads\/2025\/01\/IMG_20220831_182504-1-768x576.jpg 768w, https:\/\/heaklubi.fi\/wordpress\/wp-content\/uploads\/2025\/01\/IMG_20220831_182504-1-1536x1152.jpg 1536w, https:\/\/heaklubi.fi\/wordpress\/wp-content\/uploads\/2025\/01\/IMG_20220831_182504-1-2048x1536.jpg 2048w\" sizes=\"auto, (max-width: 1024px) 100vw, 1024px\" \/><figcaption class=\"wp-element-caption\">Rapujuhlat Villa Pentryss\u00e4 elokuussa 2022.<\/figcaption><\/figure>\n<\/div><\/div><\/div>\n\n\n\n<div class=\"wp-block-stackable-column stk-block-column stk-column stk-block stk-822cad8\" data-v=\"4\" data-block-id=\"822cad8\"><div class=\"stk-column-wrapper stk-block-column__content stk-container stk-822cad8-container stk--no-background stk--no-padding\"><div class=\"stk-block-content stk-inner-blocks stk-822cad8-inner-blocks\">\n<figure class=\"wp-block-image size-large\"><img loading=\"lazy\" decoding=\"async\" width=\"1024\" height=\"683\" src=\"https:\/\/heaklubi.fi\/wordpress\/wp-content\/uploads\/2025\/01\/14_19-08-2013-1024x683.jpg\" alt=\"HEAKlubi kohtumine president Mauno Koivistoga 19.08.2013 Eesti saatkonnas Helsingis.\" class=\"wp-image-938\" srcset=\"https:\/\/heaklubi.fi\/wordpress\/wp-content\/uploads\/2025\/01\/14_19-08-2013-1024x683.jpg 1024w, https:\/\/heaklubi.fi\/wordpress\/wp-content\/uploads\/2025\/01\/14_19-08-2013-300x200.jpg 300w, https:\/\/heaklubi.fi\/wordpress\/wp-content\/uploads\/2025\/01\/14_19-08-2013-768x512.jpg 768w, https:\/\/heaklubi.fi\/wordpress\/wp-content\/uploads\/2025\/01\/14_19-08-2013.jpg 1200w\" sizes=\"auto, (max-width: 1024px) 100vw, 1024px\" \/><figcaption class=\"wp-element-caption\">HEAKlubin tapaaminen presidentti Mauno Koiviston kanssa 19.08.2013 Viron suurl\u00e4hetyst\u00f6ss\u00e4 Helsingiss\u00e4.<br><\/figcaption><\/figure>\n<\/div><\/div><\/div>\n<\/div><div class=\"stk-block-carousel__buttons\"><button class=\"stk-block-carousel__button stk-block-carousel__button__prev\" aria-label=\"Previous slide\"><svg aria-hidden=\"true\" focusable=\"false\" data-prefix=\"fas\" data-icon=\"chevron-left\" class=\"svg-inline--fa fa-chevron-left\" xmlns=\"http:\/\/www.w3.org\/2000\/svg\" viewBox=\"0 0 320 512\" width=\"32\" height=\"32\"><path d=\"M34.52 239.03L228.87 44.69c9.37-9.37 24.57-9.37 33.94 0l22.67 22.67c9.36 9.36 9.37 24.52.04 33.9L131.49 256l154.02 154.75c9.34 9.38 9.32 24.54-.04 33.9l-22.67 22.67c-9.37 9.37-24.57 9.37-33.94 0L34.52 272.97c-9.37-9.37-9.37-24.57 0-33.94z\"><\/path><\/svg><\/button><button class=\"stk-block-carousel__button stk-block-carousel__button__next\" aria-label=\"Next slide\"><svg aria-hidden=\"true\" focusable=\"false\" data-prefix=\"fas\" data-icon=\"chevron-right\" class=\"svg-inline--fa fa-chevron-right\" xmlns=\"http:\/\/www.w3.org\/2000\/svg\" viewBox=\"0 0 320 512\" width=\"32\" height=\"32\"><path d=\"M285.476 272.971L91.132 467.314c-9.373 9.373-24.569 9.373-33.941 0l-22.667-22.667c-9.357-9.357-9.375-24.522-.04-33.901L188.505 256 34.484 101.255c-9.335-9.379-9.317-24.544.04-33.901l22.667-22.667c9.373-9.373 24.569-9.373 33.941 0L285.475 239.03c9.373 9.372 9.373 24.568.001 33.941z\"><\/path><\/svg><\/button><\/div><\/div><div class=\"stk-block-carousel__dots\" role=\"list\" data-label=\"Slide %%d\"><\/div><\/div><\/div>\n","protected":false},"excerpt":{"rendered":"<p>Helsingin Viron Akateeminen Klubi (Helsingi Eesti Akadeemiline Klubi) on vuonna 2006 perustettu klubi, joka yhdist\u00e4\u00e4 Helsingin alueella asuvia virolaisia, joilla on akateemisia kiinnostuksenkohteita. Klubin toiminnan tavoitteena on ennen kaikkea tarjota j\u00e4senilleen mahdollisuuksia kehitt\u00e4v\u00e4\u00e4n keskin\u00e4iseen kanssak\u00e4ymiseen. Klubi pyrkii mahdollisuuksiensa puitteissa edist\u00e4m\u00e4\u00e4n virolaisten integroitumista suomalaiseen yhteiskuntaan sek\u00e4 Suomen ja Viron v\u00e4lisi\u00e4 suhteita. Meille on t\u00e4rke\u00e4\u00e4 edesauttaa toiminnallamme [&hellip;]<\/p>\n","protected":false},"author":2,"featured_media":0,"parent":0,"menu_order":0,"comment_status":"closed","ping_status":"closed","template":"","meta":{"footnotes":""},"class_list":["post-808","page","type-page","status-publish","hentry"],"blocksy_meta":[],"_links":{"self":[{"href":"https:\/\/heaklubi.fi\/index.php\/wp-json\/wp\/v2\/pages\/808","targetHints":{"allow":["GET"]}}],"collection":[{"href":"https:\/\/heaklubi.fi\/index.php\/wp-json\/wp\/v2\/pages"}],"about":[{"href":"https:\/\/heaklubi.fi\/index.php\/wp-json\/wp\/v2\/types\/page"}],"author":[{"embeddable":true,"href":"https:\/\/heaklubi.fi\/index.php\/wp-json\/wp\/v2\/users\/2"}],"replies":[{"embeddable":true,"href":"https:\/\/heaklubi.fi\/index.php\/wp-json\/wp\/v2\/comments?post=808"}],"version-history":[{"count":14,"href":"https:\/\/heaklubi.fi\/index.php\/wp-json\/wp\/v2\/pages\/808\/revisions"}],"predecessor-version":[{"id":999,"href":"https:\/\/heaklubi.fi\/index.php\/wp-json\/wp\/v2\/pages\/808\/revisions\/999"}],"wp:attachment":[{"href":"https:\/\/heaklubi.fi\/index.php\/wp-json\/wp\/v2\/media?parent=808"}],"curies":[{"name":"wp","href":"https:\/\/api.w.org\/{rel}","templated":true}]}}