{"id":809,"date":"2025-04-27T11:11:35","date_gmt":"2025-04-27T09:11:35","guid":{"rendered":"https:\/\/heaklubi.fi\/wordpress\/index.php\/helsingi-eesti-akadeemiline-klubi-english\/"},"modified":"2025-09-05T23:08:47","modified_gmt":"2025-09-05T21:08:47","slug":"helsingi-eesti-akadeemiline-klubi-english","status":"publish","type":"page","link":"https:\/\/heaklubi.fi\/index.php\/en\/helsingi-eesti-akadeemiline-klubi-english\/","title":{"rendered":"Helsinki Estonian Academic Club"},"content":{"rendered":"\n<figure class=\"wp-block-image size-full\"><img loading=\"lazy\" decoding=\"async\" width=\"1024\" height=\"683\" src=\"https:\/\/heaklubi.fi\/wordpress\/wp-content\/uploads\/2025\/05\/Eesti107-162.jpg\" alt=\"\" class=\"wp-image-880\" srcset=\"https:\/\/heaklubi.fi\/wordpress\/wp-content\/uploads\/2025\/05\/Eesti107-162.jpg 1024w, https:\/\/heaklubi.fi\/wordpress\/wp-content\/uploads\/2025\/05\/Eesti107-162-300x200.jpg 300w, https:\/\/heaklubi.fi\/wordpress\/wp-content\/uploads\/2025\/05\/Eesti107-162-768x512.jpg 768w\" sizes=\"auto, (max-width: 1024px) 100vw, 1024px\" \/><figcaption class=\"wp-element-caption\">The Club\u2019s members at the Estonian Independence Day reception at the embassy of Estonia, February 2025. <br>Photo: Kristi Leht<\/figcaption><\/figure>\n\n\n\n<p>The Helsinki Estonian Academic Club (Helsingi Eesti Akadeemiline Klubi) is founded in 2006. It brings together Estonians with academic interests who live in the Helsinki area.<\/p>\n\n\n\n<p>The main goal of the club is to provide its members with opportunities for enriching interaction and exchange with one another.<\/p>\n\n\n\n<p>The club also seeks to support the integration of Estonians into Finnish society and to foster closer ties between the two countries, within the scope of its capabilities. We consider it important to encourage the exchange of good ideas and new concepts across the Gulf of Finland. For example, we have organized panel discussions about Estonian-Finnish relations and future cooperation. We also have had the honor of meeting the presidents of both Finland and Estonia.<\/p>\n\n\n\n<p>We also seek to promote Estonian science, economy, culture, and traditions in Finland. For instance, we have translated Enn Soosaar\u2019s book <em>Nuripidine aastasada<\/em> (&#8220;The Contradictory Century&#8221;) into Finnish and have supported Estonian-language education at Helsinki\u2019s Latokartano School in various ways.<\/p>\n\n\n\n<h2 class=\"wp-block-heading\">About the Club\u2019s Activities<\/h2>\n\n\n\n<p>The Helsinki Estonian Academic Club gathers once a month, meeting organizations, companies, or individuals who are in some way connected to Estonia.<\/p>\n\n\n\n<p>We organize meetings with scientific, economic, and cultural content, information days, excursions, and festive events to celebrate Estonian national holidays. Over time, Estonia\u2019s Independence Day celebration, the crayfish party, and the Christmas gathering have become established traditions of the club.<\/p>\n\n\n\n<p>Additionally, we carry out charity and sponsorship projects that align with the club\u2019s goals. For example, we contributed to acquiring an \u201cEstonia\u201d grand piano for the Estonian Embassy in Helsinki. We have also procured Estonian-language children&#8217;s books for Helsinki\u2019s Latokartano School, supported an essay competition, and funded the printing of brochures introducing opportunities for Estonian children to learn Estonian in Finland.<\/p>\n\n\n\n<p>The club has about 30 active members. Our members work as specialists and leaders across a variety of fields, including finance and banking, science and education, entrepreneurship, culture and medicine.<\/p>\n\n\n\n<p>Membership in the club is by invitation. Further information can be obtained from the club\u2019s board.<\/p>\n\n\n\n<figure class=\"wp-block-image size-large\"><img loading=\"lazy\" decoding=\"async\" width=\"1024\" height=\"666\" src=\"https:\/\/heaklubi.fi\/wordpress\/wp-content\/uploads\/2025\/01\/FB_IMG_1716298407447-1024x666.jpg\" alt=\"HEAKlubi delegatsiooni kohtumine president Alar Karisega Kadriorus 21.5.2024.\" class=\"wp-image-925\" srcset=\"https:\/\/heaklubi.fi\/wordpress\/wp-content\/uploads\/2025\/01\/FB_IMG_1716298407447-1024x666.jpg 1024w, https:\/\/heaklubi.fi\/wordpress\/wp-content\/uploads\/2025\/01\/FB_IMG_1716298407447-300x195.jpg 300w, https:\/\/heaklubi.fi\/wordpress\/wp-content\/uploads\/2025\/01\/FB_IMG_1716298407447-768x499.jpg 768w, https:\/\/heaklubi.fi\/wordpress\/wp-content\/uploads\/2025\/01\/FB_IMG_1716298407447.jpg 1080w\" sizes=\"auto, (max-width: 1024px) 100vw, 1024px\" \/><figcaption class=\"wp-element-caption\">Club\u2019s delegation\u2019s meeting with President Alar Karis at Kadriorg on 21st of May in 2024.<\/figcaption><\/figure>\n\n\n\n<h2 class=\"wp-block-heading\">The Board of Helsinki Estonian Academic Club 2025\/2026<\/h2>\n\n\n\n<ul class=\"wp-block-list\">\n<li>Raigo Megerild (president of the club)<\/li>\n\n\n\n<li>Henri Malvet<\/li>\n\n\n\n<li>Jaan Praks<\/li>\n\n\n\n<li>Marja Tuhkanen<\/li>\n\n\n\n<li>Helin Vesala <\/li>\n\n\n\n<li>Valdar Liive<\/li>\n\n\n\n<li>Sten-Erik Tammem\u00e4e<\/li>\n\n\n\n<li>Kalle Pedak<\/li>\n<\/ul>\n\n\n\n<p>Contact: info@heaklubi.fi<\/p>\n\n\n\n<div class=\"wp-block-stackable-carousel stk-block-carousel stk--is-slide stk--arrows-justify-space-between stk--arrows-align-center stk-block stk-b449497\" data-slides-to-show=\"\" data-block-id=\"b449497\"><div class=\"stk-block-carousel__content-wrapper\"><div class=\"stk-row stk-inner-blocks stk-block-content stk-block-carousel__slider-wrapper stk-content-align stk-b449497-column\"><div class=\"stk-block-carousel__slider\" role=\"list\" data-autoplay=\"4000\" data-label-slide-of=\"Slide %%d of %%d\">\n<div class=\"wp-block-stackable-column stk-block-column stk-column stk-block stk-81bfa29\" data-v=\"4\" data-block-id=\"81bfa29\"><div class=\"stk-column-wrapper stk-block-column__content stk-container stk-81bfa29-container stk--no-background stk--no-padding\"><div class=\"stk-block-content stk-inner-blocks stk-81bfa29-inner-blocks\">\n<figure class=\"wp-block-image size-large\"><img loading=\"lazy\" decoding=\"async\" width=\"1024\" height=\"603\" src=\"https:\/\/heaklubi.fi\/wordpress\/wp-content\/uploads\/2025\/01\/IMG-20240214-WA0023-1024x603.jpg\" alt=\"Eesti saatkonna vabariigi aastap\u00e4eva vastuv\u00f5tt Eesti saatkonnas 14.2.2024. Kohal viibis ka president Alar Karis. Pildil HEAKlubi liikmed.\" class=\"wp-image-905\" srcset=\"https:\/\/heaklubi.fi\/wordpress\/wp-content\/uploads\/2025\/01\/IMG-20240214-WA0023-1024x603.jpg 1024w, https:\/\/heaklubi.fi\/wordpress\/wp-content\/uploads\/2025\/01\/IMG-20240214-WA0023-300x177.jpg 300w, https:\/\/heaklubi.fi\/wordpress\/wp-content\/uploads\/2025\/01\/IMG-20240214-WA0023-768x452.jpg 768w, https:\/\/heaklubi.fi\/wordpress\/wp-content\/uploads\/2025\/01\/IMG-20240214-WA0023-1536x905.jpg 1536w, https:\/\/heaklubi.fi\/wordpress\/wp-content\/uploads\/2025\/01\/IMG-20240214-WA0023.jpg 2048w\" sizes=\"auto, (max-width: 1024px) 100vw, 1024px\" \/><figcaption class=\"wp-element-caption\">Reception for Estonia\u2019s Independence Day at the embassy of Estonia on 14.2.2024. President Alar Karis attended the reception.<br><\/figcaption><\/figure>\n<\/div><\/div><\/div>\n\n\n\n<div class=\"wp-block-stackable-column stk-block-column stk-column stk-block stk-8e80a80\" data-v=\"4\" data-block-id=\"8e80a80\"><div class=\"stk-column-wrapper stk-block-column__content stk-container stk-8e80a80-container stk--no-background stk--no-padding\"><div class=\"stk-block-content stk-inner-blocks stk-8e80a80-inner-blocks\">\n<figure class=\"wp-block-image size-large\"><img loading=\"lazy\" decoding=\"async\" width=\"1024\" height=\"576\" src=\"https:\/\/heaklubi.fi\/wordpress\/wp-content\/uploads\/2025\/01\/WP_20130925_011-1024x576.jpg\" alt=\"The Helsinki Estonian Academic Club met Estonian president Arnold R\u00fc\u00fctel at Kadriorg castle in September 2013.\" class=\"wp-image-907\" srcset=\"https:\/\/heaklubi.fi\/wordpress\/wp-content\/uploads\/2025\/01\/WP_20130925_011-1024x576.jpg 1024w, https:\/\/heaklubi.fi\/wordpress\/wp-content\/uploads\/2025\/01\/WP_20130925_011-300x169.jpg 300w, https:\/\/heaklubi.fi\/wordpress\/wp-content\/uploads\/2025\/01\/WP_20130925_011-768x432.jpg 768w, https:\/\/heaklubi.fi\/wordpress\/wp-content\/uploads\/2025\/01\/WP_20130925_011-1536x864.jpg 1536w, https:\/\/heaklubi.fi\/wordpress\/wp-content\/uploads\/2025\/01\/WP_20130925_011.jpg 1632w\" sizes=\"auto, (max-width: 1024px) 100vw, 1024px\" \/><figcaption class=\"wp-element-caption\">The Helsinki Estonian Academic Club met Estonian president Arnold R\u00fc\u00fctel at Kadriorg castle in September 2013.<\/figcaption><\/figure>\n<\/div><\/div><\/div>\n\n\n\n<div class=\"wp-block-stackable-column stk-block-column stk-column stk-block stk-fe77889\" data-v=\"4\" data-block-id=\"fe77889\"><div class=\"stk-column-wrapper stk-block-column__content stk-container stk-fe77889-container stk--no-background stk--no-padding\"><div class=\"stk-block-content stk-inner-blocks stk-fe77889-inner-blocks\">\n<figure class=\"wp-block-image size-full\"><img loading=\"lazy\" decoding=\"async\" width=\"750\" height=\"500\" src=\"https:\/\/heaklubi.fi\/wordpress\/wp-content\/uploads\/2025\/01\/HEK2-2.jpg\" alt=\"Klubi asutamiskoosolek Suurel Kolmap\u00e4eval 26.04.2006. Pildil seisavad vasakult J\u00fcri Teemant, Kalle Pedak, Rego Ostonen, istumas (vasakult) Henri Malvet, Toomas Abner, Gunnar Okk ja Andres K\u00e4\u00e4r.\" class=\"wp-image-921\" srcset=\"https:\/\/heaklubi.fi\/wordpress\/wp-content\/uploads\/2025\/01\/HEK2-2.jpg 750w, https:\/\/heaklubi.fi\/wordpress\/wp-content\/uploads\/2025\/01\/HEK2-2-300x200.jpg 300w\" sizes=\"auto, (max-width: 750px) 100vw, 750px\" \/><figcaption class=\"wp-element-caption\">The founding meeting of the Helsinki Estonian Academic Club on 26th of April in 2006. In the photo from the left (standing): J\u00fcri Teemant, Kalle Pedak, Rego Ostonen; seated (from the left): Henri Malvet, Toomas Abner, Gunnar Okk, and Andres K\u00e4\u00e4r.<\/figcaption><\/figure>\n<\/div><\/div><\/div>\n\n\n\n<div class=\"wp-block-stackable-column stk-block-column stk-column stk-block stk-56de091\" data-v=\"4\" data-block-id=\"56de091\"><div class=\"stk-column-wrapper stk-block-column__content stk-container stk-56de091-container stk--no-background stk--no-padding\"><div class=\"stk-block-content stk-inner-blocks stk-56de091-inner-blocks\">\n<figure class=\"wp-block-image size-large\"><img loading=\"lazy\" decoding=\"async\" width=\"1024\" height=\"683\" src=\"https:\/\/heaklubi.fi\/wordpress\/wp-content\/uploads\/2025\/01\/14_19-08-2013-1024x683.jpg\" alt=\"HEAKlubi kohtumine president Mauno Koivistoga 19.08.2013 Eesti saatkonnas Helsingis.\" class=\"wp-image-939\" srcset=\"https:\/\/heaklubi.fi\/wordpress\/wp-content\/uploads\/2025\/01\/14_19-08-2013-1024x683.jpg 1024w, https:\/\/heaklubi.fi\/wordpress\/wp-content\/uploads\/2025\/01\/14_19-08-2013-300x200.jpg 300w, https:\/\/heaklubi.fi\/wordpress\/wp-content\/uploads\/2025\/01\/14_19-08-2013-768x512.jpg 768w, https:\/\/heaklubi.fi\/wordpress\/wp-content\/uploads\/2025\/01\/14_19-08-2013.jpg 1200w\" sizes=\"auto, (max-width: 1024px) 100vw, 1024px\" \/><figcaption class=\"wp-element-caption\">The Club\u2019s meeting with President Mauno Koivisto on 19th of August in 2013 at the embassy of Estonia in Helsinki.<br><\/figcaption><\/figure>\n<\/div><\/div><\/div>\n\n\n\n<div class=\"wp-block-stackable-column stk-block-column stk-column stk-block stk-5d73720\" data-v=\"4\" data-block-id=\"5d73720\"><div class=\"stk-column-wrapper stk-block-column__content stk-container stk-5d73720-container stk--no-background stk--no-padding\"><div class=\"stk-block-content stk-inner-blocks stk-5d73720-inner-blocks\">\n<figure class=\"wp-block-image size-large\"><img loading=\"lazy\" decoding=\"async\" width=\"1024\" height=\"768\" src=\"https:\/\/heaklubi.fi\/wordpress\/wp-content\/uploads\/2025\/01\/IMG_20220831_182504-1-1024x768.jpg\" alt=\"V\u00e4hipidu Villa Pentrys augustis 2022.\" class=\"wp-image-935\" srcset=\"https:\/\/heaklubi.fi\/wordpress\/wp-content\/uploads\/2025\/01\/IMG_20220831_182504-1-1024x768.jpg 1024w, https:\/\/heaklubi.fi\/wordpress\/wp-content\/uploads\/2025\/01\/IMG_20220831_182504-1-300x225.jpg 300w, https:\/\/heaklubi.fi\/wordpress\/wp-content\/uploads\/2025\/01\/IMG_20220831_182504-1-768x576.jpg 768w, https:\/\/heaklubi.fi\/wordpress\/wp-content\/uploads\/2025\/01\/IMG_20220831_182504-1-1536x1152.jpg 1536w, https:\/\/heaklubi.fi\/wordpress\/wp-content\/uploads\/2025\/01\/IMG_20220831_182504-1-2048x1536.jpg 2048w\" sizes=\"auto, (max-width: 1024px) 100vw, 1024px\" \/><figcaption class=\"wp-element-caption\">Crayfish party at Villa Pentry in August 2022.<\/figcaption><\/figure>\n<\/div><\/div><\/div>\n\n\n\n<div class=\"wp-block-stackable-column stk-block-column stk-column stk-block stk-ae17ae6\" data-v=\"4\" data-block-id=\"ae17ae6\"><div class=\"stk-column-wrapper stk-block-column__content stk-container stk-ae17ae6-container stk--no-background stk--no-padding\"><div class=\"stk-block-content stk-inner-blocks stk-ae17ae6-inner-blocks\">\n<figure class=\"wp-block-image size-full\"><img loading=\"lazy\" decoding=\"async\" width=\"640\" height=\"480\" src=\"https:\/\/heaklubi.fi\/wordpress\/wp-content\/uploads\/2025\/01\/Saatkonna-klaver.jpg\" alt=\"The Club\u2019s donations helped acquire an Estonia grand piano for the embassy. Letter of thanks from the embassy to the Helsinki Estonian Academic Club and other donors.\" class=\"wp-image-924\" srcset=\"https:\/\/heaklubi.fi\/wordpress\/wp-content\/uploads\/2025\/01\/Saatkonna-klaver.jpg 640w, https:\/\/heaklubi.fi\/wordpress\/wp-content\/uploads\/2025\/01\/Saatkonna-klaver-300x225.jpg 300w\" sizes=\"auto, (max-width: 640px) 100vw, 640px\" \/><figcaption class=\"wp-element-caption\">The Club\u2019s donations helped acquire an Estonia grand piano for the embassy. Letter of thanks from the embassy to the Helsinki Estonian Academic Club and other donors.\n<\/figcaption><\/figure>\n<\/div><\/div><\/div>\n\n\n\n<div class=\"wp-block-stackable-column stk-block-column stk-column stk-block stk-07edc63\" data-v=\"4\" data-block-id=\"07edc63\"><div class=\"stk-column-wrapper stk-block-column__content stk-container stk-07edc63-container stk--no-background stk--no-padding\"><div class=\"stk-block-content stk-inner-blocks stk-07edc63-inner-blocks\">\n<figure class=\"wp-block-image size-large\"><img loading=\"lazy\" decoding=\"async\" width=\"1024\" height=\"768\" src=\"https:\/\/heaklubi.fi\/wordpress\/wp-content\/uploads\/2025\/01\/IMG_1791-1024x768.jpg\" alt=\"Klubi v\u00e4ljas\u00f5it Stockholmi aastal 2011. Programmis mm. Stockholmi Eesti Maja k\u00fclastamine.\" class=\"wp-image-916\" srcset=\"https:\/\/heaklubi.fi\/wordpress\/wp-content\/uploads\/2025\/01\/IMG_1791-1024x768.jpg 1024w, https:\/\/heaklubi.fi\/wordpress\/wp-content\/uploads\/2025\/01\/IMG_1791-300x225.jpg 300w, https:\/\/heaklubi.fi\/wordpress\/wp-content\/uploads\/2025\/01\/IMG_1791-768x576.jpg 768w, https:\/\/heaklubi.fi\/wordpress\/wp-content\/uploads\/2025\/01\/IMG_1791-1536x1152.jpg 1536w, https:\/\/heaklubi.fi\/wordpress\/wp-content\/uploads\/2025\/01\/IMG_1791-2048x1536.jpg 2048w\" sizes=\"auto, (max-width: 1024px) 100vw, 1024px\" \/><figcaption class=\"wp-element-caption\">Club excursion to Stockholm in 2011. The programme included a visit to the Stockholm Estonian House.<br><\/figcaption><\/figure>\n<\/div><\/div><\/div>\n\n\n\n<div class=\"wp-block-stackable-column stk-block-column stk-column stk-block stk-fb19c0d\" data-v=\"4\" data-block-id=\"fb19c0d\"><div class=\"stk-column-wrapper stk-block-column__content stk-container stk-fb19c0d-container stk--no-background stk--no-padding\"><div class=\"stk-block-content stk-inner-blocks stk-fb19c0d-inner-blocks\">\n<figure class=\"wp-block-image size-full\"><img loading=\"lazy\" decoding=\"async\" width=\"800\" height=\"565\" src=\"https:\/\/heaklubi.fi\/wordpress\/wp-content\/uploads\/2025\/01\/IMG_6675.jpg\" alt=\"Koost\u00f6\u00f6lepingu s\u00f5lmimine Tuglas Seuraga jaanuaris 2011. Vasakul Tuglase Seltsi juht Juhani Salokannel, paremal klubi president Indrek Tammeaid.\" class=\"wp-image-912\" srcset=\"https:\/\/heaklubi.fi\/wordpress\/wp-content\/uploads\/2025\/01\/IMG_6675.jpg 800w, https:\/\/heaklubi.fi\/wordpress\/wp-content\/uploads\/2025\/01\/IMG_6675-300x212.jpg 300w, https:\/\/heaklubi.fi\/wordpress\/wp-content\/uploads\/2025\/01\/IMG_6675-768x542.jpg 768w\" sizes=\"auto, (max-width: 800px) 100vw, 800px\" \/><figcaption class=\"wp-element-caption\">Signing the cooperation agreement with the Tuglas Society in January 2011. From left to right: the head of Tuglas Society Juhani Salokannel and club\u2019s president Indrek Tammeaid.<\/figcaption><\/figure>\n<\/div><\/div><\/div>\n\n\n\n<div class=\"wp-block-stackable-column stk-block-column stk-column stk-block stk-5f1fe0d\" data-v=\"4\" data-block-id=\"5f1fe0d\"><div class=\"stk-column-wrapper stk-block-column__content stk-container stk-5f1fe0d-container stk--no-background stk--no-padding\"><div class=\"stk-block-content stk-inner-blocks stk-5f1fe0d-inner-blocks\">\n<figure class=\"wp-block-image size-full\"><img loading=\"lazy\" decoding=\"async\" width=\"640\" height=\"480\" src=\"https:\/\/heaklubi.fi\/wordpress\/wp-content\/uploads\/2025\/01\/kuva-4-002.jpg\" alt=\"Klubi kohtumine president Tarja Haloneniga Eesti saatkonnas 03.12.2014.\" class=\"wp-image-998\" srcset=\"https:\/\/heaklubi.fi\/wordpress\/wp-content\/uploads\/2025\/01\/kuva-4-002.jpg 640w, https:\/\/heaklubi.fi\/wordpress\/wp-content\/uploads\/2025\/01\/kuva-4-002-300x225.jpg 300w\" sizes=\"auto, (max-width: 640px) 100vw, 640px\" \/><figcaption class=\"wp-element-caption\">Club meeting with President Tarja Halonen at the embassy of Estonia in December 2014.<\/figcaption><\/figure>\n<\/div><\/div><\/div>\n\n\n\n<div class=\"wp-block-stackable-column stk-block-column stk-column stk-block stk-5adebc7\" data-v=\"4\" data-block-id=\"5adebc7\"><div class=\"stk-column-wrapper stk-block-column__content stk-container stk-5adebc7-container stk--no-background stk--no-padding\"><div class=\"stk-block-content stk-inner-blocks stk-5adebc7-inner-blocks\">\n<figure class=\"wp-block-image size-full\"><img loading=\"lazy\" decoding=\"async\" width=\"972\" height=\"648\" src=\"https:\/\/heaklubi.fi\/wordpress\/wp-content\/uploads\/2025\/01\/Sofi030.jpg\" alt=\"Meeting writer Sofi Oksanen at the embassy of Estonia in September 2012. Gunnar Okk handing over Enn Soosaar\u2019s book on behalf of the Club.\" class=\"wp-image-917\" srcset=\"https:\/\/heaklubi.fi\/wordpress\/wp-content\/uploads\/2025\/01\/Sofi030.jpg 972w, https:\/\/heaklubi.fi\/wordpress\/wp-content\/uploads\/2025\/01\/Sofi030-300x200.jpg 300w, https:\/\/heaklubi.fi\/wordpress\/wp-content\/uploads\/2025\/01\/Sofi030-768x512.jpg 768w\" sizes=\"auto, (max-width: 972px) 100vw, 972px\" \/><figcaption class=\"wp-element-caption\">Meeting writer Sofi Oksanen at the embassy of Estonia in September 2012. Gunnar Okk handing over Enn Soosaar\u2019s book on behalf of the Club.<\/figcaption><\/figure>\n<\/div><\/div><\/div>\n\n\n\n<div class=\"wp-block-stackable-column stk-block-column stk-column stk-block stk-33cad2e\" data-v=\"4\" data-block-id=\"33cad2e\"><div class=\"stk-column-wrapper stk-block-column__content stk-container stk-33cad2e-container stk--no-background stk--no-padding\"><div class=\"stk-block-content stk-inner-blocks stk-33cad2e-inner-blocks\">\n<figure class=\"wp-block-image size-large\"><img loading=\"lazy\" decoding=\"async\" width=\"1024\" height=\"768\" src=\"https:\/\/heaklubi.fi\/wordpress\/wp-content\/uploads\/2025\/01\/20210428_163117-1024x768.jpg\" alt=\"Club visits opera in 2020.\" class=\"wp-image-957\" srcset=\"https:\/\/heaklubi.fi\/wordpress\/wp-content\/uploads\/2025\/01\/20210428_163117-1024x768.jpg 1024w, https:\/\/heaklubi.fi\/wordpress\/wp-content\/uploads\/2025\/01\/20210428_163117-300x225.jpg 300w, https:\/\/heaklubi.fi\/wordpress\/wp-content\/uploads\/2025\/01\/20210428_163117-768x576.jpg 768w, https:\/\/heaklubi.fi\/wordpress\/wp-content\/uploads\/2025\/01\/20210428_163117-1536x1152.jpg 1536w, https:\/\/heaklubi.fi\/wordpress\/wp-content\/uploads\/2025\/01\/20210428_163117-2048x1536.jpg 2048w\" sizes=\"auto, (max-width: 1024px) 100vw, 1024px\" \/><figcaption class=\"wp-element-caption\">Club visits opera in 2020.<\/figcaption><\/figure>\n<\/div><\/div><\/div>\n\n\n\n<div class=\"wp-block-stackable-column stk-block-column stk-column stk-block stk-489fa9e\" data-v=\"4\" data-block-id=\"489fa9e\"><div class=\"stk-column-wrapper stk-block-column__content stk-container stk-489fa9e-container stk--no-background stk--no-padding\"><div class=\"stk-block-content stk-inner-blocks stk-489fa9e-inner-blocks\">\n<figure class=\"wp-block-image size-large\"><img loading=\"lazy\" decoding=\"async\" width=\"1024\" height=\"768\" src=\"https:\/\/heaklubi.fi\/wordpress\/wp-content\/uploads\/2025\/01\/20211027_173203-1024x768.jpg\" alt=\"Heaklubi 15 juubeliseminar Eesti suursaatkonnas oktoobris 2021.\" class=\"wp-image-932\" srcset=\"https:\/\/heaklubi.fi\/wordpress\/wp-content\/uploads\/2025\/01\/20211027_173203-1024x768.jpg 1024w, https:\/\/heaklubi.fi\/wordpress\/wp-content\/uploads\/2025\/01\/20211027_173203-300x225.jpg 300w, https:\/\/heaklubi.fi\/wordpress\/wp-content\/uploads\/2025\/01\/20211027_173203-768x576.jpg 768w, https:\/\/heaklubi.fi\/wordpress\/wp-content\/uploads\/2025\/01\/20211027_173203-1536x1152.jpg 1536w, https:\/\/heaklubi.fi\/wordpress\/wp-content\/uploads\/2025\/01\/20211027_173203-2048x1536.jpg 2048w\" sizes=\"auto, (max-width: 1024px) 100vw, 1024px\" \/><figcaption class=\"wp-element-caption\">The Club\u2019s 15th anniversary seminar at the Estonian Embassy in October 2021. <\/figcaption><\/figure>\n<\/div><\/div><\/div>\n<\/div><div class=\"stk-block-carousel__buttons\"><button class=\"stk-block-carousel__button stk-block-carousel__button__prev\" aria-label=\"Previous slide\"><svg aria-hidden=\"true\" focusable=\"false\" data-prefix=\"fas\" data-icon=\"chevron-left\" class=\"svg-inline--fa fa-chevron-left\" xmlns=\"http:\/\/www.w3.org\/2000\/svg\" viewBox=\"0 0 320 512\" width=\"32\" height=\"32\"><path d=\"M34.52 239.03L228.87 44.69c9.37-9.37 24.57-9.37 33.94 0l22.67 22.67c9.36 9.36 9.37 24.52.04 33.9L131.49 256l154.02 154.75c9.34 9.38 9.32 24.54-.04 33.9l-22.67 22.67c-9.37 9.37-24.57 9.37-33.94 0L34.52 272.97c-9.37-9.37-9.37-24.57 0-33.94z\"><\/path><\/svg><\/button><button class=\"stk-block-carousel__button stk-block-carousel__button__next\" aria-label=\"Next slide\"><svg aria-hidden=\"true\" focusable=\"false\" data-prefix=\"fas\" data-icon=\"chevron-right\" class=\"svg-inline--fa fa-chevron-right\" xmlns=\"http:\/\/www.w3.org\/2000\/svg\" viewBox=\"0 0 320 512\" width=\"32\" height=\"32\"><path d=\"M285.476 272.971L91.132 467.314c-9.373 9.373-24.569 9.373-33.941 0l-22.667-22.667c-9.357-9.357-9.375-24.522-.04-33.901L188.505 256 34.484 101.255c-9.335-9.379-9.317-24.544.04-33.901l22.667-22.667c9.373-9.373 24.569-9.373 33.941 0L285.475 239.03c9.373 9.372 9.373 24.568.001 33.941z\"><\/path><\/svg><\/button><\/div><\/div><div class=\"stk-block-carousel__dots\" role=\"list\" data-label=\"Slide %%d\"><\/div><\/div><\/div>\n\n\n\n<p><\/p>\n","protected":false},"excerpt":{"rendered":"<p>The Helsinki Estonian Academic Club (Helsingi Eesti Akadeemiline Klubi) is founded in 2006. It brings together Estonians with academic interests who live in the Helsinki area. The main goal of the club is to provide its members with opportunities for enriching interaction and exchange with one another. The club also seeks to support the integration [&hellip;]<\/p>\n","protected":false},"author":2,"featured_media":0,"parent":0,"menu_order":0,"comment_status":"closed","ping_status":"closed","template":"","meta":{"footnotes":""},"class_list":["post-809","page","type-page","status-publish","hentry"],"blocksy_meta":[],"_links":{"self":[{"href":"https:\/\/heaklubi.fi\/index.php\/wp-json\/wp\/v2\/pages\/809","targetHints":{"allow":["GET"]}}],"collection":[{"href":"https:\/\/heaklubi.fi\/index.php\/wp-json\/wp\/v2\/pages"}],"about":[{"href":"https:\/\/heaklubi.fi\/index.php\/wp-json\/wp\/v2\/types\/page"}],"author":[{"embeddable":true,"href":"https:\/\/heaklubi.fi\/index.php\/wp-json\/wp\/v2\/users\/2"}],"replies":[{"embeddable":true,"href":"https:\/\/heaklubi.fi\/index.php\/wp-json\/wp\/v2\/comments?post=809"}],"version-history":[{"count":12,"href":"https:\/\/heaklubi.fi\/index.php\/wp-json\/wp\/v2\/pages\/809\/revisions"}],"predecessor-version":[{"id":1002,"href":"https:\/\/heaklubi.fi\/index.php\/wp-json\/wp\/v2\/pages\/809\/revisions\/1002"}],"wp:attachment":[{"href":"https:\/\/heaklubi.fi\/index.php\/wp-json\/wp\/v2\/media?parent=809"}],"curies":[{"name":"wp","href":"https:\/\/api.w.org\/{rel}","templated":true}]}}